{"id":2404,"date":"2023-10-17T08:28:38","date_gmt":"2023-10-17T06:28:38","guid":{"rendered":"https:\/\/www.farmaciavalles.com\/contacto\/"},"modified":"2023-11-29T17:09:39","modified_gmt":"2023-11-29T15:09:39","slug":"contacto","status":"publish","type":"page","link":"https:\/\/www.farmaciavalles.com\/es\/contacto\/","title":{"rendered":"Contacto"},"content":{"rendered":"<div class=\"wpb-content-wrapper\"><p>[vc_section][vc_row][vc_column]<div class=\"wpb_content_element \"><style type=\"text\/css\">#ut_header_69fb6cf495d55 h2.section-title, #ut_header_69fb6cf495d55 h2.section-title span { color:#3fa4a5; }#ut_header_69fb6cf495d55 h2.section-title { font-size:60px !important;letter-spacing:-0.03em; }#ut_header_69fb6cf495d55.pt-style-2 .page-title span:after, #ut_header_69fb6cf495d55.pt-style-2 .parallax-title span:after, #ut_header_69fb6cf495d55.pt-style-2 .section-title span:after { background-color:#3fa4a5 !important;}<\/style><header id=\"ut_header_69fb6cf495d55\" class=\"section-header  ut-no-title-linebreak-mobile ut-no-lead-linebreak-mobile pt-style-2 header-center header-tablet-center header-mobile-center\"><h2 data-title=\"Nos encontrar\u00e1n&#13;&#10;en Castellar del Vall\u00e8s\"  data-responsive-font=\"section_title\" data-responsive-font-settings=\"{&quot;base-font-size&quot;:&quot;global&quot;,&quot;font-size&quot;:{&quot;desktop_large&quot;:&quot;60&quot;},&quot;base-line-height&quot;:&quot;global&quot;,&quot;base-letter-spacing&quot;:&quot;global&quot;,&quot;letter-spacing&quot;:{&quot;desktop_large&quot;:&quot;-0.03&quot;}}\" class=\"section-title title-with-linebreak \"><span>Nos encontrar\u00e1n<br \/>\nen Castellar del Vall\u00e8s<\/span><\/h2><\/header><\/div>[\/vc_column][\/vc_row][vc_row][vc_column width=\u00bb1\/3&#8243;]<style type=\"text\/css\">#ut_custom_heading69fb6cf49d044 { color:#3fa4a5; }#ut_custom_heading69fb6cf49d044 { font-size:30px !important;letter-spacing:-0.03em; }#ut_custom_heading69fb6cf49d044 { font-weight:400; }#ut_custom_heading69fb6cf49d044 { text-align:left; }@media (min-width: 768px) and (max-width: 1024px) { #ut_custom_heading69fb6cf49d044 { text-align:left; } }@media (max-width: 767px) { #ut_custom_heading69fb6cf49d044 { text-align:left; } }<\/style><h2 id=\"ut_custom_heading69fb6cf49d044\" data-responsive-font=\"h2\" data-responsive-font-settings=\"{&quot;base-font-size&quot;:&quot;global&quot;,&quot;font-size&quot;:{&quot;desktop_large&quot;:&quot;30&quot;},&quot;base-line-height&quot;:&quot;global&quot;,&quot;base-letter-spacing&quot;:&quot;global&quot;,&quot;letter-spacing&quot;:{&quot;desktop_large&quot;:&quot;-0.03&quot;}}\" class=\"ut-custom-heading-module  \" ><span class=\"\" >Farmacia del Vall\u00e8s<\/span><\/h2>[vc_empty_space height=\u00bb20px\u00bb]<div class=\"wpb_content_element \"><style type=\"text\/css\">#ut_sc_69fb6cf49d139 .ut-service-column.ut-service-column-horiz h3 { font-size:18px !important;line-height:30px !important;letter-spacing:-0.01em; }#ut_sc_69fb6cf49d139 .ut-service-column.ut-service-column-horiz p { font-size:14px !important;line-height:30px !important; }#ut_sc_69fb6cf49d139 .ut-service-column a.ut-service-column-link { font-size: 12px; }#ut-svg-69fb6cf49d13b { display:none; }#ut-svg-69fb6cf49d13b.ut-svg-loaded { display:block; }#ut-svg-69fb6cf49d13b path { stroke:rgba(63, 164, 165, 1); }<\/style><div id=\"ut_sc_69fb6cf49d139\"  class=\"ut-horizontal-style ut-horizontal-style-align-left  clearfix \" ><figure class=\"ut-service-icon  ut-service-icon-normal ut-service-icon-medium\"><i style=\"color: rgba(63, 164, 165, 1);\" class=\"fa fa fa-location-arrow\"><\/i><\/figure><div class=\"ut-service-column ut-service-column-horiz\"><p class=\"element-with-custom-line-height\" data-responsive-font=\"p\" data-responsive-font-settings=\"{&quot;base-font-size&quot;:&quot;global&quot;,&quot;font-size&quot;:{&quot;desktop_large&quot;:&quot;14&quot;},&quot;base-line-height&quot;:&quot;global&quot;,&quot;line-height&quot;:{&quot;desktop_large&quot;:&quot;30&quot;},&quot;base-letter-spacing&quot;:&quot;global&quot;}\">C\/ de Barcelona, 58<br \/>\n08211 Castellar del Vall\u00e8s. <\/p><\/div><\/div><\/div><div class=\"wpb_content_element \"><style type=\"text\/css\">#ut_sc_69fb6cf49d20b .ut-service-column.ut-service-column-horiz h3 { font-size:18px !important;line-height:30px !important;letter-spacing:-0.01em; }#ut_sc_69fb6cf49d20b .ut-service-column.ut-service-column-horiz p { font-size:14px !important;line-height:30px !important; }#ut_sc_69fb6cf49d20b .ut-service-column a.ut-service-column-link { font-size: 12px; }#ut-svg-69fb6cf49d20c { display:none; }#ut-svg-69fb6cf49d20c.ut-svg-loaded { display:block; }#ut-svg-69fb6cf49d20c path { stroke:rgba(63, 164, 165, 1); }<\/style><div id=\"ut_sc_69fb6cf49d20b\"  class=\"ut-horizontal-style ut-horizontal-style-align-left  clearfix \" ><figure class=\"ut-service-icon  ut-service-icon-normal ut-service-icon-medium\"><i style=\"color: rgba(63, 164, 165, 1);\" class=\"fa fa fa-phone\"><\/i><\/figure><div class=\"ut-service-column ut-service-column-horiz\"><p class=\"element-with-custom-line-height\" data-responsive-font=\"p\" data-responsive-font-settings=\"{&quot;base-font-size&quot;:&quot;global&quot;,&quot;font-size&quot;:{&quot;desktop_large&quot;:&quot;14&quot;},&quot;base-line-height&quot;:&quot;global&quot;,&quot;line-height&quot;:{&quot;desktop_large&quot;:&quot;30&quot;},&quot;base-letter-spacing&quot;:&quot;global&quot;}\">937 159 099 \/ 607 895 320<\/p><\/div><\/div><\/div><div class=\"wpb_content_element \"><style type=\"text\/css\">#ut_sc_69fb6cf49d2cf .ut-service-column.ut-service-column-horiz h3 { font-size:18px !important;line-height:30px !important;letter-spacing:-0.01em; }#ut_sc_69fb6cf49d2cf .ut-service-column.ut-service-column-horiz p { font-size:14px !important;line-height:30px !important; }#ut_sc_69fb6cf49d2cf .ut-service-column a.ut-service-column-link { font-size: 12px; }#ut-svg-69fb6cf49d2d0 { display:none; }#ut-svg-69fb6cf49d2d0.ut-svg-loaded { display:block; }#ut-svg-69fb6cf49d2d0 path { stroke:rgba(63, 164, 165, 1); }<\/style><div id=\"ut_sc_69fb6cf49d2cf\"  class=\"ut-horizontal-style ut-horizontal-style-align-left  clearfix \" ><figure class=\"ut-service-icon  ut-service-icon-normal ut-service-icon-medium\"><i style=\"color: rgba(63, 164, 165, 1);\" class=\"fa fa fa-envelope-square\"><\/i><\/figure><div class=\"ut-service-column ut-service-column-horiz\"><p class=\"element-with-custom-line-height\" data-responsive-font=\"p\" data-responsive-font-settings=\"{&quot;base-font-size&quot;:&quot;global&quot;,&quot;font-size&quot;:{&quot;desktop_large&quot;:&quot;14&quot;},&quot;base-line-height&quot;:&quot;global&quot;,&quot;line-height&quot;:{&quot;desktop_large&quot;:&quot;30&quot;},&quot;base-letter-spacing&quot;:&quot;global&quot;}\">delvalles.farmacia@gmail.com<\/p><\/div><\/div><\/div>[\/vc_column][vc_column width=\u00bb2\/3&#8243;]<div id=\"ut_cf7_colors_69fb6cf49d386\" class=\"wpb_content_element  \">\n<div class=\"wpcf7 no-js\" id=\"wpcf7-f2409-o1\" lang=\"es-ES\" dir=\"ltr\" data-wpcf7-id=\"2409\">\n<div class=\"screen-reader-response\"><p role=\"status\" aria-live=\"polite\" aria-atomic=\"true\"><\/p> <ul><\/ul><\/div>\n<form action=\"\/es\/wp-json\/wp\/v2\/pages\/2404#wpcf7-f2409-o1\" method=\"post\" class=\"wpcf7-form init\" aria-label=\"Formulario de contacto\" novalidate=\"novalidate\" data-status=\"init\">\n<fieldset class=\"hidden-fields-container\"><input type=\"hidden\" name=\"_wpcf7\" value=\"2409\" \/><input type=\"hidden\" name=\"_wpcf7_version\" value=\"6.1.5\" \/><input type=\"hidden\" name=\"_wpcf7_locale\" value=\"es_ES\" \/><input type=\"hidden\" name=\"_wpcf7_unit_tag\" value=\"wpcf7-f2409-o1\" \/><input type=\"hidden\" name=\"_wpcf7_container_post\" value=\"0\" \/><input type=\"hidden\" name=\"_wpcf7_posted_data_hash\" value=\"\" \/><input type=\"hidden\" name=\"_wpcf7_recaptcha_response\" value=\"\" \/>\n<\/fieldset>\n<label> Nombre\n    <span class=\"wpcf7-form-control-wrap\" data-name=\"your-name\"><input size=\"40\" maxlength=\"400\" class=\"wpcf7-form-control wpcf7-text wpcf7-validates-as-required\" autocomplete=\"name\" aria-required=\"true\" aria-invalid=\"false\" value=\"\" type=\"text\" name=\"your-name\" \/><\/span> <\/label>\n\n<label> Correo electr\u00f3nico\n    <span class=\"wpcf7-form-control-wrap\" data-name=\"your-email\"><input size=\"40\" maxlength=\"400\" class=\"wpcf7-form-control wpcf7-email wpcf7-validates-as-required wpcf7-text wpcf7-validates-as-email\" autocomplete=\"email\" aria-required=\"true\" aria-invalid=\"false\" value=\"\" type=\"email\" name=\"your-email\" \/><\/span> <\/label>\n\n<label> Tel\u00e9fono (opcional)\n    <span class=\"wpcf7-form-control-wrap\" data-name=\"your-phone\"><input size=\"40\" maxlength=\"400\" class=\"wpcf7-form-control wpcf7-text\" aria-invalid=\"false\" value=\"\" type=\"text\" name=\"your-phone\" \/><\/span> <\/label>\n\n<label> Mensaje\n    <span class=\"wpcf7-form-control-wrap\" data-name=\"your-message\"><textarea cols=\"40\" rows=\"10\" maxlength=\"2000\" class=\"wpcf7-form-control wpcf7-textarea\" aria-invalid=\"false\" name=\"your-message\"><\/textarea><\/span> <\/label>\n\n<span class=\"wpcf7-form-control-wrap\" data-name=\"acceptance-478\"><span class=\"wpcf7-form-control wpcf7-acceptance\"><span class=\"wpcf7-list-item\"><label><input type=\"checkbox\" name=\"acceptance-478\" value=\"1\" aria-invalid=\"false\" \/><span class=\"wpcf7-list-item-label\"><label>Confirma que has le\u00eddo y aceptas nuestra <a href=\"https:\/\/www.farmaciavalles.com\/politica-de-privacitat\/\" TARGET=\"_BLANK\"> \" pol\u00edtica de privacidad \"<\/a><\/label><\/span><\/label><\/span><\/span><\/span>\n\n\n\n<input class=\"wpcf7-form-control wpcf7-submit has-spinner\" type=\"submit\" value=\"Enviar\" \/><div class=\"wpcf7-response-output\" aria-hidden=\"true\"><\/div>\n<\/form>\n<\/div>\n<\/div>[\/vc_column][\/vc_row][\/vc_section][vc_section css=\u00bb.vc_custom_1697531695664{margin-bottom: 0px !important;padding-bottom: 0px !important;}\u00bb][vc_row full_width=\u00bbstretch_row_content_no_spaces\u00bb css=\u00bb.vc_custom_1697531703006{margin-bottom: 0px !important;padding-bottom: 0px !important;}\u00bb][vc_column][vc_raw_html]JTNDaWZyYW1lJTIwc3JjJTNEJTIyaHR0cHMlM0ElMkYlMkZ3d3cuZ29vZ2xlLmNvbSUyRm1hcHMlMkZlbWJlZCUzRnBiJTNEJTIxMW0xNCUyMTFtOCUyMTFtMyUyMTFkMTE5MzIuNDAwMjAzODk4NTg1JTIxMmQyLjA3Njk4OTAzODMxODk1NjYlMjEzZDQxLjYxMDM0ODElMjEzbTIlMjExaTEwMjQlMjEyaTc2OCUyMTRmMTMuMSUyMTNtMyUyMTFtMiUyMTFzMHgxMmE0ZWI5OTIyNDMzYmJmJTI1M0EweGFhYTkyNzI0ZTA3NjdmYzQlMjEyc0Zhcm1hY2lhJTI1MjBkZWwlMjUyMFZhbGwlMjVDMyUyNUE4cyUyMTVlMCUyMTNtMiUyMTFzZXMlMjEyc2VzJTIxNHYxNjk3NTMxNzUzOTQ0JTIxNW0yJTIxMXNlcyUyMTJzZXMlMjIlMjB3aWR0aCUzRCUyMjMwMDAlMjIlMjBoZWlnaHQlM0QlMjI2MDAlMjIlMjBzdHlsZSUzRCUyMmJvcmRlciUzQTAlM0IlMjIlMjBhbGxvd2Z1bGxzY3JlZW4lM0QlMjIlMjIlMjBsb2FkaW5nJTNEJTIybGF6eSUyMiUyMHJlZmVycmVycG9saWN5JTNEJTIybm8tcmVmZXJyZXItd2hlbi1kb3duZ3JhZGUlMjIlM0UlM0MlMkZpZnJhbWUlM0U=[\/vc_raw_html][\/vc_column][\/vc_row][\/vc_section][vc_section][vc_row][vc_column][vc_column_text]<\/p>\n<h2 style=\"color: #3fa4a5; text-align: center; font-weight: 400;\">Nuestro horario es de lunes a viernes de 9 a 14h y de 16:30h a 20:30h.<\/h2>\n<h2 style=\"color: #3fa4a5; text-align: center; font-weight: 400;\">S\u00e1bados de 9 a 13:30h.<\/h2>\n<p>[\/vc_column_text][\/vc_column][\/vc_row][\/vc_section]<\/p>\n<\/div>","protected":false},"excerpt":{"rendered":"<p>[vc_section][vc_row][vc_column][\/vc_column][\/vc_row][vc_row][vc_column width=\u00bb1\/3&#8243;][vc_empty_space height=\u00bb20px\u00bb][\/vc_column][vc_column width=\u00bb2\/3&#8243;][\/vc_column][\/vc_row][\/vc_section][vc_section css=\u00bb.vc_custom_1697531695664{margin-bottom: 0px !important;padding-bottom: 0px !important;}\u00bb][vc_row full_width=\u00bbstretch_row_content_no_spaces\u00bb css=\u00bb.vc_custom_1697531703006{margin-bottom: 0px !important;padding-bottom: 0px !important;}\u00bb][vc_column][vc_raw_html]JTNDaWZyYW1lJTIwc3JjJTNEJTIyaHR0cHMlM0ElMkYlMkZ3d3cuZ29vZ2xlLmNvbSUyRm1hcHMlMkZlbWJlZCUzRnBiJTNEJTIxMW0xNCUyMTFtOCUyMTFtMyUyMTFkMTE5MzIuNDAwMjAzODk4NTg1JTIxMmQyLjA3Njk4OTAzODMxODk1NjYlMjEzZDQxLjYxMDM0ODElMjEzbTIlMjExaTEwMjQlMjEyaTc2OCUyMTRmMTMuMSUyMTNtMyUyMTFtMiUyMTFzMHgxMmE0ZWI5OTIyNDMzYmJmJTI1M0EweGFhYTkyNzI0ZTA3NjdmYzQlMjEyc0Zhcm1hY2lhJTI1MjBkZWwlMjUyMFZhbGwlMjVDMyUyNUE4cyUyMTVlMCUyMTNtMiUyMTFzZXMlMjEyc2VzJTIxNHYxNjk3NTMxNzUzOTQ0JTIxNW0yJTIxMXNlcyUyMTJzZXMlMjIlMjB3aWR0aCUzRCUyMjMwMDAlMjIlMjBoZWlnaHQlM0QlMjI2MDAlMjIlMjBzdHlsZSUzRCUyMmJvcmRlciUzQTAlM0IlMjIlMjBhbGxvd2Z1bGxzY3JlZW4lM0QlMjIlMjIlMjBsb2FkaW5nJTNEJTIybGF6eSUyMiUyMHJlZmVycmVycG9saWN5JTNEJTIybm8tcmVmZXJyZXItd2hlbi1kb3duZ3JhZGUlMjIlM0UlM0MlMkZpZnJhbWUlM0U=[\/vc_raw_html][\/vc_column][\/vc_row][\/vc_section][vc_section][vc_row][vc_column][vc_column_text] Nuestro horario es de lunes a viernes de 9 a 14h y de 16:30h a 20:30h. S\u00e1bados de 9 a 13:30h. [\/vc_column_text][\/vc_column][\/vc_row][\/vc_section]<\/p>\n","protected":false},"author":1,"featured_media":0,"parent":0,"menu_order":0,"comment_status":"closed","ping_status":"closed","template":"","meta":{"footnotes":""},"class_list":["post-2404","page","type-page","status-publish","hentry"],"yoast_head":"<!-- This site is optimized with the Yoast SEO plugin v27.5 - https:\/\/yoast.com\/product\/yoast-seo-wordpress\/ -->\n<title>Contacto - Farmacia del Vall\u00e8s<\/title>\n<meta name=\"robots\" content=\"index, follow, max-snippet:-1, max-image-preview:large, max-video-preview:-1\" \/>\n<link rel=\"canonical\" href=\"https:\/\/www.farmaciavalles.com\/es\/contacto\/\" \/>\n<meta property=\"og:locale\" content=\"es_ES\" \/>\n<meta property=\"og:type\" content=\"article\" \/>\n<meta property=\"og:title\" content=\"Contacto - Farmacia del Vall\u00e8s\" \/>\n<meta property=\"og:description\" content=\"[vc_section][vc_row][vc_column][\/vc_column][\/vc_row][vc_row][vc_column width=\u00bb1\/3&#8243;][vc_empty_space height=\u00bb20px\u00bb][\/vc_column][vc_column width=\u00bb2\/3&#8243;][\/vc_column][\/vc_row][\/vc_section][vc_section css=\u00bb.vc_custom_1697531695664{margin-bottom: 0px !important;padding-bottom: 0px !important;}\u00bb][vc_row full_width=\u00bbstretch_row_content_no_spaces\u00bb css=\u00bb.vc_custom_1697531703006{margin-bottom: 0px !important;padding-bottom: 0px !important;}\u00bb][vc_column][vc_raw_html]JTNDaWZyYW1lJTIwc3JjJTNEJTIyaHR0cHMlM0ElMkYlMkZ3d3cuZ29vZ2xlLmNvbSUyRm1hcHMlMkZlbWJlZCUzRnBiJTNEJTIxMW0xNCUyMTFtOCUyMTFtMyUyMTFkMTE5MzIuNDAwMjAzODk4NTg1JTIxMmQyLjA3Njk4OTAzODMxODk1NjYlMjEzZDQxLjYxMDM0ODElMjEzbTIlMjExaTEwMjQlMjEyaTc2OCUyMTRmMTMuMSUyMTNtMyUyMTFtMiUyMTFzMHgxMmE0ZWI5OTIyNDMzYmJmJTI1M0EweGFhYTkyNzI0ZTA3NjdmYzQlMjEyc0Zhcm1hY2lhJTI1MjBkZWwlMjUyMFZhbGwlMjVDMyUyNUE4cyUyMTVlMCUyMTNtMiUyMTFzZXMlMjEyc2VzJTIxNHYxNjk3NTMxNzUzOTQ0JTIxNW0yJTIxMXNlcyUyMTJzZXMlMjIlMjB3aWR0aCUzRCUyMjMwMDAlMjIlMjBoZWlnaHQlM0QlMjI2MDAlMjIlMjBzdHlsZSUzRCUyMmJvcmRlciUzQTAlM0IlMjIlMjBhbGxvd2Z1bGxzY3JlZW4lM0QlMjIlMjIlMjBsb2FkaW5nJTNEJTIybGF6eSUyMiUyMHJlZmVycmVycG9saWN5JTNEJTIybm8tcmVmZXJyZXItd2hlbi1kb3duZ3JhZGUlMjIlM0UlM0MlMkZpZnJhbWUlM0U=[\/vc_raw_html][\/vc_column][\/vc_row][\/vc_section][vc_section][vc_row][vc_column][vc_column_text] Nuestro horario es de lunes a viernes de 9 a 14h y de 16:30h a 20:30h. S\u00e1bados de 9 a 13:30h. [\/vc_column_text][\/vc_column][\/vc_row][\/vc_section]\" \/>\n<meta property=\"og:url\" content=\"https:\/\/www.farmaciavalles.com\/es\/contacto\/\" \/>\n<meta property=\"og:site_name\" content=\"Farmacia del Vall\u00e8s\" \/>\n<meta property=\"article:modified_time\" content=\"2023-11-29T15:09:39+00:00\" \/>\n<meta name=\"twitter:card\" content=\"summary_large_image\" \/>\n<meta name=\"twitter:label1\" content=\"Tiempo de lectura\" \/>\n\t<meta name=\"twitter:data1\" content=\"1 minuto\" \/>\n<script type=\"application\/ld+json\" class=\"yoast-schema-graph\">{\"@context\":\"https:\\\/\\\/schema.org\",\"@graph\":[{\"@type\":\"WebPage\",\"@id\":\"https:\\\/\\\/www.farmaciavalles.com\\\/es\\\/contacto\\\/\",\"url\":\"https:\\\/\\\/www.farmaciavalles.com\\\/es\\\/contacto\\\/\",\"name\":\"Contacto - Farmacia del Vall\u00e8s\",\"isPartOf\":{\"@id\":\"https:\\\/\\\/www.farmaciavalles.com\\\/#website\"},\"datePublished\":\"2023-10-17T06:28:38+00:00\",\"dateModified\":\"2023-11-29T15:09:39+00:00\",\"breadcrumb\":{\"@id\":\"https:\\\/\\\/www.farmaciavalles.com\\\/es\\\/contacto\\\/#breadcrumb\"},\"inLanguage\":\"es\",\"potentialAction\":[{\"@type\":\"ReadAction\",\"target\":[\"https:\\\/\\\/www.farmaciavalles.com\\\/es\\\/contacto\\\/\"]}]},{\"@type\":\"BreadcrumbList\",\"@id\":\"https:\\\/\\\/www.farmaciavalles.com\\\/es\\\/contacto\\\/#breadcrumb\",\"itemListElement\":[{\"@type\":\"ListItem\",\"position\":1,\"name\":\"Inici\",\"item\":\"https:\\\/\\\/www.farmaciavalles.com\\\/es\\\/\"},{\"@type\":\"ListItem\",\"position\":2,\"name\":\"Contacto\"}]},{\"@type\":\"WebSite\",\"@id\":\"https:\\\/\\\/www.farmaciavalles.com\\\/#website\",\"url\":\"https:\\\/\\\/www.farmaciavalles.com\\\/\",\"name\":\"Farmacia del Vall\u00e8s\",\"description\":\"Farm\u00e0cia Castellar del Vall\u00e8s\",\"publisher\":{\"@id\":\"https:\\\/\\\/www.farmaciavalles.com\\\/#organization\"},\"potentialAction\":[{\"@type\":\"SearchAction\",\"target\":{\"@type\":\"EntryPoint\",\"urlTemplate\":\"https:\\\/\\\/www.farmaciavalles.com\\\/?s={search_term_string}\"},\"query-input\":{\"@type\":\"PropertyValueSpecification\",\"valueRequired\":true,\"valueName\":\"search_term_string\"}}],\"inLanguage\":\"es\"},{\"@type\":\"Organization\",\"@id\":\"https:\\\/\\\/www.farmaciavalles.com\\\/#organization\",\"name\":\"Farmacia del Vall\u00e8s\",\"url\":\"https:\\\/\\\/www.farmaciavalles.com\\\/\",\"logo\":{\"@type\":\"ImageObject\",\"inLanguage\":\"es\",\"@id\":\"https:\\\/\\\/www.farmaciavalles.com\\\/#\\\/schema\\\/logo\\\/image\\\/\",\"url\":\"https:\\\/\\\/www.farmaciavalles.com\\\/wp-content\\\/uploads\\\/2023\\\/10\\\/logo-farmacia-valles-2.png\",\"contentUrl\":\"https:\\\/\\\/www.farmaciavalles.com\\\/wp-content\\\/uploads\\\/2023\\\/10\\\/logo-farmacia-valles-2.png\",\"width\":512,\"height\":512,\"caption\":\"Farmacia del Vall\u00e8s\"},\"image\":{\"@id\":\"https:\\\/\\\/www.farmaciavalles.com\\\/#\\\/schema\\\/logo\\\/image\\\/\"},\"sameAs\":[\"https:\\\/\\\/www.instagram.com\\\/farmacia_del_valles\\\/\"]}]}<\/script>\n<!-- \/ Yoast SEO plugin. -->","yoast_head_json":{"title":"Contacto - Farmacia del Vall\u00e8s","robots":{"index":"index","follow":"follow","max-snippet":"max-snippet:-1","max-image-preview":"max-image-preview:large","max-video-preview":"max-video-preview:-1"},"canonical":"https:\/\/www.farmaciavalles.com\/es\/contacto\/","og_locale":"es_ES","og_type":"article","og_title":"Contacto - Farmacia del Vall\u00e8s","og_description":"[vc_section][vc_row][vc_column][\/vc_column][\/vc_row][vc_row][vc_column width=\u00bb1\/3&#8243;][vc_empty_space height=\u00bb20px\u00bb][\/vc_column][vc_column width=\u00bb2\/3&#8243;][\/vc_column][\/vc_row][\/vc_section][vc_section css=\u00bb.vc_custom_1697531695664{margin-bottom: 0px !important;padding-bottom: 0px !important;}\u00bb][vc_row full_width=\u00bbstretch_row_content_no_spaces\u00bb css=\u00bb.vc_custom_1697531703006{margin-bottom: 0px !important;padding-bottom: 0px !important;}\u00bb][vc_column][vc_raw_html]JTNDaWZyYW1lJTIwc3JjJTNEJTIyaHR0cHMlM0ElMkYlMkZ3d3cuZ29vZ2xlLmNvbSUyRm1hcHMlMkZlbWJlZCUzRnBiJTNEJTIxMW0xNCUyMTFtOCUyMTFtMyUyMTFkMTE5MzIuNDAwMjAzODk4NTg1JTIxMmQyLjA3Njk4OTAzODMxODk1NjYlMjEzZDQxLjYxMDM0ODElMjEzbTIlMjExaTEwMjQlMjEyaTc2OCUyMTRmMTMuMSUyMTNtMyUyMTFtMiUyMTFzMHgxMmE0ZWI5OTIyNDMzYmJmJTI1M0EweGFhYTkyNzI0ZTA3NjdmYzQlMjEyc0Zhcm1hY2lhJTI1MjBkZWwlMjUyMFZhbGwlMjVDMyUyNUE4cyUyMTVlMCUyMTNtMiUyMTFzZXMlMjEyc2VzJTIxNHYxNjk3NTMxNzUzOTQ0JTIxNW0yJTIxMXNlcyUyMTJzZXMlMjIlMjB3aWR0aCUzRCUyMjMwMDAlMjIlMjBoZWlnaHQlM0QlMjI2MDAlMjIlMjBzdHlsZSUzRCUyMmJvcmRlciUzQTAlM0IlMjIlMjBhbGxvd2Z1bGxzY3JlZW4lM0QlMjIlMjIlMjBsb2FkaW5nJTNEJTIybGF6eSUyMiUyMHJlZmVycmVycG9saWN5JTNEJTIybm8tcmVmZXJyZXItd2hlbi1kb3duZ3JhZGUlMjIlM0UlM0MlMkZpZnJhbWUlM0U=[\/vc_raw_html][\/vc_column][\/vc_row][\/vc_section][vc_section][vc_row][vc_column][vc_column_text] Nuestro horario es de lunes a viernes de 9 a 14h y de 16:30h a 20:30h. S\u00e1bados de 9 a 13:30h. [\/vc_column_text][\/vc_column][\/vc_row][\/vc_section]","og_url":"https:\/\/www.farmaciavalles.com\/es\/contacto\/","og_site_name":"Farmacia del Vall\u00e8s","article_modified_time":"2023-11-29T15:09:39+00:00","twitter_card":"summary_large_image","twitter_misc":{"Tiempo de lectura":"1 minuto"},"schema":{"@context":"https:\/\/schema.org","@graph":[{"@type":"WebPage","@id":"https:\/\/www.farmaciavalles.com\/es\/contacto\/","url":"https:\/\/www.farmaciavalles.com\/es\/contacto\/","name":"Contacto - Farmacia del Vall\u00e8s","isPartOf":{"@id":"https:\/\/www.farmaciavalles.com\/#website"},"datePublished":"2023-10-17T06:28:38+00:00","dateModified":"2023-11-29T15:09:39+00:00","breadcrumb":{"@id":"https:\/\/www.farmaciavalles.com\/es\/contacto\/#breadcrumb"},"inLanguage":"es","potentialAction":[{"@type":"ReadAction","target":["https:\/\/www.farmaciavalles.com\/es\/contacto\/"]}]},{"@type":"BreadcrumbList","@id":"https:\/\/www.farmaciavalles.com\/es\/contacto\/#breadcrumb","itemListElement":[{"@type":"ListItem","position":1,"name":"Inici","item":"https:\/\/www.farmaciavalles.com\/es\/"},{"@type":"ListItem","position":2,"name":"Contacto"}]},{"@type":"WebSite","@id":"https:\/\/www.farmaciavalles.com\/#website","url":"https:\/\/www.farmaciavalles.com\/","name":"Farmacia del Vall\u00e8s","description":"Farm\u00e0cia Castellar del Vall\u00e8s","publisher":{"@id":"https:\/\/www.farmaciavalles.com\/#organization"},"potentialAction":[{"@type":"SearchAction","target":{"@type":"EntryPoint","urlTemplate":"https:\/\/www.farmaciavalles.com\/?s={search_term_string}"},"query-input":{"@type":"PropertyValueSpecification","valueRequired":true,"valueName":"search_term_string"}}],"inLanguage":"es"},{"@type":"Organization","@id":"https:\/\/www.farmaciavalles.com\/#organization","name":"Farmacia del Vall\u00e8s","url":"https:\/\/www.farmaciavalles.com\/","logo":{"@type":"ImageObject","inLanguage":"es","@id":"https:\/\/www.farmaciavalles.com\/#\/schema\/logo\/image\/","url":"https:\/\/www.farmaciavalles.com\/wp-content\/uploads\/2023\/10\/logo-farmacia-valles-2.png","contentUrl":"https:\/\/www.farmaciavalles.com\/wp-content\/uploads\/2023\/10\/logo-farmacia-valles-2.png","width":512,"height":512,"caption":"Farmacia del Vall\u00e8s"},"image":{"@id":"https:\/\/www.farmaciavalles.com\/#\/schema\/logo\/image\/"},"sameAs":["https:\/\/www.instagram.com\/farmacia_del_valles\/"]}]}},"_links":{"self":[{"href":"https:\/\/www.farmaciavalles.com\/es\/wp-json\/wp\/v2\/pages\/2404","targetHints":{"allow":["GET"]}}],"collection":[{"href":"https:\/\/www.farmaciavalles.com\/es\/wp-json\/wp\/v2\/pages"}],"about":[{"href":"https:\/\/www.farmaciavalles.com\/es\/wp-json\/wp\/v2\/types\/page"}],"author":[{"embeddable":true,"href":"https:\/\/www.farmaciavalles.com\/es\/wp-json\/wp\/v2\/users\/1"}],"replies":[{"embeddable":true,"href":"https:\/\/www.farmaciavalles.com\/es\/wp-json\/wp\/v2\/comments?post=2404"}],"version-history":[{"count":7,"href":"https:\/\/www.farmaciavalles.com\/es\/wp-json\/wp\/v2\/pages\/2404\/revisions"}],"predecessor-version":[{"id":2558,"href":"https:\/\/www.farmaciavalles.com\/es\/wp-json\/wp\/v2\/pages\/2404\/revisions\/2558"}],"wp:attachment":[{"href":"https:\/\/www.farmaciavalles.com\/es\/wp-json\/wp\/v2\/media?parent=2404"}],"curies":[{"name":"wp","href":"https:\/\/api.w.org\/{rel}","templated":true}]}}